{"id":86,"date":"2018-02-04T13:52:17","date_gmt":"2018-02-04T12:52:17","guid":{"rendered":"http:\/\/www.talange-athletisme.fr\/?page_id=86"},"modified":"2020-12-21T00:47:17","modified_gmt":"2020-12-20T23:47:17","slug":"se-licencier","status":"publish","type":"page","link":"https:\/\/www.talange-athletisme.fr\/?page_id=86","title":{"rendered":"Se licencier"},"content":{"rendered":"<hr \/>\n<p>Formulaire d&rsquo;inscription : <a href=\"https:\/\/www.talange-athletisme.fr\/wp-content\/uploads\/2020\/12\/inscript-2021.pdf\" target=\"_blank\" rel=\"noopener noreferrer\">Inscription 2020\/2021<\/a><\/p>\n<p>R\u00e8glement int\u00e9rieur : <a href=\"https:\/\/talange-athletisme.fr\/wp-content\/uploads\/2018\/06\/reglement.pdf\" target=\"_blank\" rel=\"noopener noreferrer\">R\u00e8glement<\/a><\/p>\n<p>Formulaires :<\/p>\n<ul>\n<li><a href=\"https:\/\/www.talange-athletisme.fr\/wp-content\/uploads\/2020\/12\/tarifs2021.pdf\" target=\"_blank\" rel=\"noopener noreferrer\">Tarifs 2020\/2021<\/a><\/li>\n<li><a href=\"https:\/\/www.talange-athletisme.fr\/wp-content\/uploads\/2019\/07\/CM2020.pdf\">Mod\u00e8le d\u2019examens et de Certificats M\u00e9dicaux<\/a><\/li>\n<li><a href=\"https:\/\/www.talange-athletisme.fr\/wp-content\/uploads\/2019\/07\/cerfa_15699-01.pdf\">Renouvellement de licence Questionnaire de sante \u00ab\u00a0QS-SPORT\u00a0\u00bb<\/a><\/li>\n<\/ul>\n<p>Vous \u00eates nouveaux ? Venez faire 2 s\u00e9ances d&rsquo;essai avant de vous d\u00e9cider.<\/p>\n<p>MONTANT DES COTISATIONS (Cat\u00e9gories 2020 &#8211; 2021) :<\/p>\n<table>\n<tbody>\n<tr>\n<th>Cat\u00e9gories<\/th>\n<th>Ann\u00e9e<\/th>\n<th>Cotisation<\/th>\n<\/tr>\n<\/tbody>\n<tbody>\n<tr>\n<td colspan=\"3\">ATHLETISME COMPETITION<\/td>\n<\/tr>\n<tr>\n<td>VETERANS<\/td>\n<td>1979 et avant<\/td>\n<td>140\u20ac<\/td>\n<\/tr>\n<tr>\n<td>SENIORS<\/td>\n<td>1980 A 1998<\/td>\n<td>140\u20ac<\/td>\n<\/tr>\n<tr>\n<td>ESPOIRS<\/td>\n<td>1999 A 2001<\/td>\n<td>140\u20ac<\/td>\n<\/tr>\n<tr>\n<td>JUNIORS<\/td>\n<td>2002 ET 2003<\/td>\n<td>140\u20ac<\/td>\n<\/tr>\n<tr>\n<td>CADETS<\/td>\n<td>2004 ET 2005<\/td>\n<td>140\u20ac<\/td>\n<\/tr>\n<tr>\n<td colspan=\"3\">ECOLES D&rsquo;ATHLETISME<\/td>\n<\/tr>\n<tr>\n<td>MINIMES<\/td>\n<td>2006 ET 2007<\/td>\n<td>140\u20ac<\/td>\n<\/tr>\n<tr>\n<td>BENJAMINS<\/td>\n<td>2008 A 2009<\/td>\n<td>140\u20ac<\/td>\n<\/tr>\n<tr>\n<td>POUSSINS<\/td>\n<td>2010 A 2011<\/td>\n<td>140\u20ac<\/td>\n<\/tr>\n<tr>\n<td>EVEILS<\/td>\n<td>2012 A 2013<\/td>\n<td>140\u20ac<\/td>\n<\/tr>\n<tr>\n<td>BaBYS ATHLE<\/td>\n<td>2014 A 2016<\/td>\n<td>140\u20ac<\/td>\n<\/tr>\n<tr>\n<td colspan=\"3\">ATHLE RUNNING<\/td>\n<\/tr>\n<tr>\n<td>Loisir<\/td>\n<td>2004 ET AVANT<\/td>\n<td>70 \u20ac<\/td>\n<\/tr>\n<\/tbody>\n<\/table>\n<p>R\u00e9duction de 25\u20ac pour \u00e9tudiants et ch\u00f4meurs (sur pr\u00e9sentation d&rsquo;un justificatif)<\/p>\n<p>Tarifs d\u00e9gressifs \u00e0 partir du 2\u00e8me licenci\u00e9 d&rsquo;une m\u00eame famille (- 25\u20ac \/ licenci\u00e9 suppl\u00e9mentaire) :<\/p>\n<ul>\n<li>1er licenci\u00e9 : 130\u20ac<\/li>\n<li>2\u00e8me : 105\u20ac<\/li>\n<li>3\u00e8me : 80\u20ac<\/li>\n<li>Etc<\/li>\n<\/ul>\n<p>L&rsquo;Office Municipal des Sports offre \u00e0 tous les Talangeois un Ch\u00e8que Sport de 20 \u20ac pour les moins de 18 ans \u00e0 valoir sur toutes les prises de licences dans les clubs Talangeois.<\/p>\n<p>Paiements \u00e9chelonn\u00e9s: Joindre \u00e0 ce dossier le montant total de la cotisation au moyen de plusieurs ch\u00eaques \u00e0<br \/>\nl&rsquo;ordre de TALANGE ATHLETISME avec pour chacun la date de d\u00e9p\u00f4t souhait\u00e9e au dos.<\/p>\n<p>Renseignez- vous aupr\u00e8s des communes ou vous r\u00e9sidez pour savoir si elles ne versent pas d&rsquo;aides.<\/p>\n","protected":false},"excerpt":{"rendered":"<p>Formulaire d&rsquo;inscription : Inscription 2020\/2021 R\u00e8glement int\u00e9rieur : R\u00e8glement Formulaires : Tarifs 2020\/2021 Mod\u00e8le d\u2019examens et de Certificats M\u00e9dicaux Renouvellement<\/p>\n","protected":false},"author":3,"featured_media":0,"parent":0,"menu_order":0,"comment_status":"closed","ping_status":"closed","template":"","meta":{"footnotes":""},"yoast_head":"<!-- This site is optimized with the Yoast SEO plugin v15.5 - https:\/\/yoast.com\/wordpress\/plugins\/seo\/ -->\n<title>Se licencier - Talange Athl\u00e9tisme<\/title>\n<meta name=\"robots\" content=\"index, follow, max-snippet:-1, max-image-preview:large, max-video-preview:-1\" \/>\n<link rel=\"canonical\" href=\"https:\/\/www.talange-athletisme.fr\/?page_id=86\" \/>\n<meta property=\"og:locale\" content=\"fr_FR\" \/>\n<meta property=\"og:type\" content=\"article\" \/>\n<meta property=\"og:title\" content=\"Se licencier - Talange Athl\u00e9tisme\" \/>\n<meta property=\"og:description\" content=\"Formulaire d&rsquo;inscription : Inscription 2020\/2021 R\u00e8glement int\u00e9rieur : R\u00e8glement Formulaires : Tarifs 2020\/2021 Mod\u00e8le d\u2019examens et de Certificats M\u00e9dicaux Renouvellement\" \/>\n<meta property=\"og:url\" content=\"https:\/\/www.talange-athletisme.fr\/?page_id=86\" \/>\n<meta property=\"og:site_name\" content=\"Talange Athl\u00e9tisme\" \/>\n<meta property=\"article:modified_time\" content=\"2020-12-20T23:47:17+00:00\" \/>\n<meta name=\"twitter:card\" content=\"summary_large_image\" \/>\n<meta name=\"twitter:label1\" content=\"Dur\u00e9e de lecture est.\">\n\t<meta name=\"twitter:data1\" content=\"1 minute\">\n<script type=\"application\/ld+json\" class=\"yoast-schema-graph\">{\"@context\":\"https:\/\/schema.org\",\"@graph\":[{\"@type\":\"WebSite\",\"@id\":\"https:\/\/www.talange-athletisme.fr\/#website\",\"url\":\"https:\/\/www.talange-athletisme.fr\/\",\"name\":\"Talange Athl\\u00e9tisme\",\"description\":\"\",\"potentialAction\":[{\"@type\":\"SearchAction\",\"target\":\"https:\/\/www.talange-athletisme.fr\/?s={search_term_string}\",\"query-input\":\"required name=search_term_string\"}],\"inLanguage\":\"fr-FR\"},{\"@type\":\"WebPage\",\"@id\":\"https:\/\/www.talange-athletisme.fr\/?page_id=86#webpage\",\"url\":\"https:\/\/www.talange-athletisme.fr\/?page_id=86\",\"name\":\"Se licencier - Talange Athl\\u00e9tisme\",\"isPartOf\":{\"@id\":\"https:\/\/www.talange-athletisme.fr\/#website\"},\"datePublished\":\"2018-02-04T12:52:17+00:00\",\"dateModified\":\"2020-12-20T23:47:17+00:00\",\"inLanguage\":\"fr-FR\",\"potentialAction\":[{\"@type\":\"ReadAction\",\"target\":[\"https:\/\/www.talange-athletisme.fr\/?page_id=86\"]}]}]}<\/script>\n<!-- \/ Yoast SEO plugin. -->","_links":{"self":[{"href":"https:\/\/www.talange-athletisme.fr\/index.php?rest_route=\/wp\/v2\/pages\/86"}],"collection":[{"href":"https:\/\/www.talange-athletisme.fr\/index.php?rest_route=\/wp\/v2\/pages"}],"about":[{"href":"https:\/\/www.talange-athletisme.fr\/index.php?rest_route=\/wp\/v2\/types\/page"}],"author":[{"embeddable":true,"href":"https:\/\/www.talange-athletisme.fr\/index.php?rest_route=\/wp\/v2\/users\/3"}],"replies":[{"embeddable":true,"href":"https:\/\/www.talange-athletisme.fr\/index.php?rest_route=%2Fwp%2Fv2%2Fcomments&post=86"}],"version-history":[{"count":38,"href":"https:\/\/www.talange-athletisme.fr\/index.php?rest_route=\/wp\/v2\/pages\/86\/revisions"}],"predecessor-version":[{"id":397,"href":"https:\/\/www.talange-athletisme.fr\/index.php?rest_route=\/wp\/v2\/pages\/86\/revisions\/397"}],"wp:attachment":[{"href":"https:\/\/www.talange-athletisme.fr\/index.php?rest_route=%2Fwp%2Fv2%2Fmedia&parent=86"}],"curies":[{"name":"wp","href":"https:\/\/api.w.org\/{rel}","templated":true}]}}