{"id":60,"date":"2018-02-03T01:04:00","date_gmt":"2018-02-03T00:04:00","guid":{"rendered":"http:\/\/www.talange-athletisme.fr\/?page_id=60"},"modified":"2018-02-07T14:12:34","modified_gmt":"2018-02-07T13:12:34","slug":"le-comite-du-club","status":"publish","type":"page","link":"https:\/\/www.talange-athletisme.fr\/?page_id=60","title":{"rendered":"Le comit\u00e9 du club"},"content":{"rendered":"<hr \/>\n<p><strong>PR\u00c9SIDENT<\/strong> : CAVALLIN Jean-Marc<br \/>\n<strong>VICE PR\u00c9SIDENT<\/strong> : COGLIANDRO Dominique<br \/>\n<strong>TR\u00c9SORIER<\/strong> : CAVALLIN Nicolas<br \/>\n<strong>TR\u00c9SORIER ADJOINT<\/strong> : ETTINGER Cl\u00e9ment<br \/>\n<strong>SECR\u00c9TAIRE<\/strong> : CAVALLIN Martine<br \/>\n<strong>SECR\u00c9TAIRE ADJOINTE<\/strong> : LENARD Marie H\u00e9l\u00e8ne<br \/>\n<strong>ASSESSEUR<\/strong> : VALENTIN Christian<\/p>\n","protected":false},"excerpt":{"rendered":"<p>PR\u00c9SIDENT : CAVALLIN Jean-Marc VICE PR\u00c9SIDENT : COGLIANDRO Dominique TR\u00c9SORIER : CAVALLIN Nicolas TR\u00c9SORIER ADJOINT : ETTINGER Cl\u00e9ment SECR\u00c9TAIRE :<\/p>\n","protected":false},"author":1,"featured_media":0,"parent":0,"menu_order":0,"comment_status":"closed","ping_status":"closed","template":"","meta":{"footnotes":""},"yoast_head":"<!-- This site is optimized with the Yoast SEO plugin v15.5 - https:\/\/yoast.com\/wordpress\/plugins\/seo\/ -->\n<title>Le comit\u00e9 du club - Talange Athl\u00e9tisme<\/title>\n<meta name=\"robots\" content=\"index, follow, max-snippet:-1, max-image-preview:large, max-video-preview:-1\" \/>\n<link rel=\"canonical\" href=\"https:\/\/www.talange-athletisme.fr\/?page_id=60\" \/>\n<meta property=\"og:locale\" content=\"fr_FR\" \/>\n<meta property=\"og:type\" content=\"article\" \/>\n<meta property=\"og:title\" content=\"Le comit\u00e9 du club - Talange Athl\u00e9tisme\" \/>\n<meta property=\"og:description\" content=\"PR\u00c9SIDENT : CAVALLIN Jean-Marc VICE PR\u00c9SIDENT : COGLIANDRO Dominique TR\u00c9SORIER : CAVALLIN Nicolas TR\u00c9SORIER ADJOINT : ETTINGER Cl\u00e9ment SECR\u00c9TAIRE :\" \/>\n<meta property=\"og:url\" content=\"https:\/\/www.talange-athletisme.fr\/?page_id=60\" \/>\n<meta property=\"og:site_name\" content=\"Talange Athl\u00e9tisme\" \/>\n<meta property=\"article:modified_time\" content=\"2018-02-07T13:12:34+00:00\" \/>\n<meta name=\"twitter:card\" content=\"summary_large_image\" \/>\n<meta name=\"twitter:label1\" content=\"Dur\u00e9e de lecture est.\">\n\t<meta name=\"twitter:data1\" content=\"0 minute\">\n<script type=\"application\/ld+json\" class=\"yoast-schema-graph\">{\"@context\":\"https:\/\/schema.org\",\"@graph\":[{\"@type\":\"WebSite\",\"@id\":\"https:\/\/www.talange-athletisme.fr\/#website\",\"url\":\"https:\/\/www.talange-athletisme.fr\/\",\"name\":\"Talange Athl\\u00e9tisme\",\"description\":\"\",\"potentialAction\":[{\"@type\":\"SearchAction\",\"target\":\"https:\/\/www.talange-athletisme.fr\/?s={search_term_string}\",\"query-input\":\"required name=search_term_string\"}],\"inLanguage\":\"fr-FR\"},{\"@type\":\"WebPage\",\"@id\":\"https:\/\/www.talange-athletisme.fr\/?page_id=60#webpage\",\"url\":\"https:\/\/www.talange-athletisme.fr\/?page_id=60\",\"name\":\"Le comit\\u00e9 du club - Talange Athl\\u00e9tisme\",\"isPartOf\":{\"@id\":\"https:\/\/www.talange-athletisme.fr\/#website\"},\"datePublished\":\"2018-02-03T00:04:00+00:00\",\"dateModified\":\"2018-02-07T13:12:34+00:00\",\"inLanguage\":\"fr-FR\",\"potentialAction\":[{\"@type\":\"ReadAction\",\"target\":[\"https:\/\/www.talange-athletisme.fr\/?page_id=60\"]}]}]}<\/script>\n<!-- \/ Yoast SEO plugin. -->","_links":{"self":[{"href":"https:\/\/www.talange-athletisme.fr\/index.php?rest_route=\/wp\/v2\/pages\/60"}],"collection":[{"href":"https:\/\/www.talange-athletisme.fr\/index.php?rest_route=\/wp\/v2\/pages"}],"about":[{"href":"https:\/\/www.talange-athletisme.fr\/index.php?rest_route=\/wp\/v2\/types\/page"}],"author":[{"embeddable":true,"href":"https:\/\/www.talange-athletisme.fr\/index.php?rest_route=\/wp\/v2\/users\/1"}],"replies":[{"embeddable":true,"href":"https:\/\/www.talange-athletisme.fr\/index.php?rest_route=%2Fwp%2Fv2%2Fcomments&post=60"}],"version-history":[{"count":6,"href":"https:\/\/www.talange-athletisme.fr\/index.php?rest_route=\/wp\/v2\/pages\/60\/revisions"}],"predecessor-version":[{"id":134,"href":"https:\/\/www.talange-athletisme.fr\/index.php?rest_route=\/wp\/v2\/pages\/60\/revisions\/134"}],"wp:attachment":[{"href":"https:\/\/www.talange-athletisme.fr\/index.php?rest_route=%2Fwp%2Fv2%2Fmedia&parent=60"}],"curies":[{"name":"wp","href":"https:\/\/api.w.org\/{rel}","templated":true}]}}