{"id":119,"date":"2018-02-04T22:54:01","date_gmt":"2018-02-04T21:54:01","guid":{"rendered":"http:\/\/www.talange-athletisme.fr\/?page_id=119"},"modified":"2018-02-07T14:52:15","modified_gmt":"2018-02-07T13:52:15","slug":"histoire","status":"publish","type":"page","link":"https:\/\/www.talange-athletisme.fr\/?page_id=119","title":{"rendered":"Histoire"},"content":{"rendered":"<hr \/>\n<p style=\"text-align: justify;\">Le club d&rsquo;athl\u00e9tisme de Talange a \u00e9t\u00e9 cr\u00e9\u00e9 en 1966, il \u00e9tait alors inclus dans omnisports ASOT (Avenir Sportif et Ouvrier Talangeois) et s&rsquo;appelait ASOT ATHLETISME.<\/p>\n<p style=\"text-align: justify;\">Dans les ann\u00e9es 70, il est devenu section locale du SMEC (Stade Messin \u00c9tudiants Club) afin de mettre en commun les ressources des 2 clubs. (Officiels, entraineurs, installations, etc\u2026)<\/p>\n<p style=\"text-align: justify;\">En 1974, une piste en tartan a \u00e9t\u00e9 pos\u00e9e autour de la pelouse du stade Maurice Baquet. A cette \u00e9poque, de nombreuses comp\u00e9titions avaient lieu \u00e0 Talange, et certains athl\u00e8tes du clubs figuraient au plus haut niveau r\u00e9gional, voire national.<\/p>\n<p style=\"text-align: justify;\">Une nouvelle piste en mondo bicolore (jaune et rouge, les couleurs de l&rsquo;ASOT) a \u00e9t\u00e9 install\u00e9e en 1999 et tous les \u00e9quipements (haies, sautoirs en hauteur, longueur et perche) ont \u00e9t\u00e9 remplac\u00e9s par du mat\u00e9riel neuf.<\/p>\n<p style=\"text-align: justify;\">Les soir\u00e9es 57, les interclubs \u00e9taient fr\u00e9quents sur cette piste qui \u00e9tait tr\u00e8s appr\u00e9ci\u00e9e des sprinters.<\/p>\n<p style=\"text-align: justify;\">Entre 2005 et 2010, le SMEC Athl\u00e9tisme est devenu ind\u00e9pendant sous le nom de A2M (Athl\u00e9tisme Metz M\u00e9tropole) C&rsquo;est \u00e0 cette \u00e9poque qu&rsquo;ont commenc\u00e9 les premi\u00e8res discussions pour f\u00e9d\u00e9rer les diff\u00e9rents clubs messins, avec \u00e0 la cl\u00e9 la construction d&rsquo;une halle couverte, salle qui est sortie de terre aux Hauts de Bl\u00e9mont, et baptis\u00e9e l&rsquo;Anneau.<br \/>\nCet outil permet aux athl\u00e8tes de s&rsquo;entrainer l&rsquo;hiver quelles que soient les conditions m\u00e9t\u00e9os et d&rsquo;organiser les championnats hivernaux.<\/p>\n<p style=\"text-align: justify;\">L&rsquo;ASOT est maintenant d\u00e9di\u00e9 uniquement a la Gymnastique, l&rsquo;athl\u00e9tisme \u00e9tant devenu un club ind\u00e9pendant sous le nom de TALANGE ATHLETISME, toujours section locale d&rsquo;A2M, au m\u00eame titre que l&rsquo;AC Amn\u00e9ville, Woippy athl\u00e9tisme et Athl\u00e9tisme sud messin.<\/p>\n<p style=\"text-align: justify;\">A2M compte maintenant 1200 licenci\u00e9s et pointe \u00e0 la 6\u00e8me place du classement national \u00c9lite<\/p>\n","protected":false},"excerpt":{"rendered":"<p>Le club d&rsquo;athl\u00e9tisme de Talange a \u00e9t\u00e9 cr\u00e9\u00e9 en 1966, il \u00e9tait alors inclus dans omnisports ASOT (Avenir Sportif et<\/p>\n","protected":false},"author":3,"featured_media":0,"parent":0,"menu_order":0,"comment_status":"closed","ping_status":"closed","template":"","meta":{"footnotes":""},"yoast_head":"<!-- This site is optimized with the Yoast SEO plugin v15.5 - https:\/\/yoast.com\/wordpress\/plugins\/seo\/ -->\n<title>Histoire - Talange Athl\u00e9tisme<\/title>\n<meta name=\"robots\" content=\"index, follow, max-snippet:-1, max-image-preview:large, max-video-preview:-1\" \/>\n<link rel=\"canonical\" href=\"https:\/\/www.talange-athletisme.fr\/?page_id=119\" \/>\n<meta property=\"og:locale\" content=\"fr_FR\" \/>\n<meta property=\"og:type\" content=\"article\" \/>\n<meta property=\"og:title\" content=\"Histoire - Talange Athl\u00e9tisme\" \/>\n<meta property=\"og:description\" content=\"Le club d&rsquo;athl\u00e9tisme de Talange a \u00e9t\u00e9 cr\u00e9\u00e9 en 1966, il \u00e9tait alors inclus dans omnisports ASOT (Avenir Sportif et\" \/>\n<meta property=\"og:url\" content=\"https:\/\/www.talange-athletisme.fr\/?page_id=119\" \/>\n<meta property=\"og:site_name\" content=\"Talange Athl\u00e9tisme\" \/>\n<meta property=\"article:modified_time\" content=\"2018-02-07T13:52:15+00:00\" \/>\n<meta name=\"twitter:card\" content=\"summary_large_image\" \/>\n<meta name=\"twitter:label1\" content=\"Dur\u00e9e de lecture est.\">\n\t<meta name=\"twitter:data1\" content=\"1 minute\">\n<script type=\"application\/ld+json\" class=\"yoast-schema-graph\">{\"@context\":\"https:\/\/schema.org\",\"@graph\":[{\"@type\":\"WebSite\",\"@id\":\"https:\/\/www.talange-athletisme.fr\/#website\",\"url\":\"https:\/\/www.talange-athletisme.fr\/\",\"name\":\"Talange Athl\\u00e9tisme\",\"description\":\"\",\"potentialAction\":[{\"@type\":\"SearchAction\",\"target\":\"https:\/\/www.talange-athletisme.fr\/?s={search_term_string}\",\"query-input\":\"required name=search_term_string\"}],\"inLanguage\":\"fr-FR\"},{\"@type\":\"WebPage\",\"@id\":\"https:\/\/www.talange-athletisme.fr\/?page_id=119#webpage\",\"url\":\"https:\/\/www.talange-athletisme.fr\/?page_id=119\",\"name\":\"Histoire - Talange Athl\\u00e9tisme\",\"isPartOf\":{\"@id\":\"https:\/\/www.talange-athletisme.fr\/#website\"},\"datePublished\":\"2018-02-04T21:54:01+00:00\",\"dateModified\":\"2018-02-07T13:52:15+00:00\",\"inLanguage\":\"fr-FR\",\"potentialAction\":[{\"@type\":\"ReadAction\",\"target\":[\"https:\/\/www.talange-athletisme.fr\/?page_id=119\"]}]}]}<\/script>\n<!-- \/ Yoast SEO plugin. -->","_links":{"self":[{"href":"https:\/\/www.talange-athletisme.fr\/index.php?rest_route=\/wp\/v2\/pages\/119"}],"collection":[{"href":"https:\/\/www.talange-athletisme.fr\/index.php?rest_route=\/wp\/v2\/pages"}],"about":[{"href":"https:\/\/www.talange-athletisme.fr\/index.php?rest_route=\/wp\/v2\/types\/page"}],"author":[{"embeddable":true,"href":"https:\/\/www.talange-athletisme.fr\/index.php?rest_route=\/wp\/v2\/users\/3"}],"replies":[{"embeddable":true,"href":"https:\/\/www.talange-athletisme.fr\/index.php?rest_route=%2Fwp%2Fv2%2Fcomments&post=119"}],"version-history":[{"count":7,"href":"https:\/\/www.talange-athletisme.fr\/index.php?rest_route=\/wp\/v2\/pages\/119\/revisions"}],"predecessor-version":[{"id":391,"href":"https:\/\/www.talange-athletisme.fr\/index.php?rest_route=\/wp\/v2\/pages\/119\/revisions\/391"}],"wp:attachment":[{"href":"https:\/\/www.talange-athletisme.fr\/index.php?rest_route=%2Fwp%2Fv2%2Fmedia&parent=119"}],"curies":[{"name":"wp","href":"https:\/\/api.w.org\/{rel}","templated":true}]}}